{"id":16,"date":"2024-01-29T02:37:34","date_gmt":"2024-01-29T02:37:34","guid":{"rendered":"http:\/\/code.webrt.net\/demo-woocommerce\/?page_id=16"},"modified":"2024-11-22T06:40:43","modified_gmt":"2024-11-22T06:40:43","slug":"gioi-thieu","status":"publish","type":"page","link":"https:\/\/tour1.mauthemewp.com\/?page_id=16","title":{"rendered":"Gi\u1edbi thi\u1ec7u"},"content":{"rendered":"\n\t<section class=\"section margin-t\" id=\"section_545302755\">\n\t\t<div class=\"section-bg fill\" >\n\t\t\t<img loading=\"lazy\" decoding=\"async\" width=\"1280\" height=\"720\" src=\"https:\/\/tour1.mauthemewp.com\/wp-content\/uploads\/2024\/11\/315321004_1171150773495478_5303213648981259606_n.jpg\" class=\"bg attachment-original size-original\" alt=\"\" \/>\t\t\t\t\t\t<div class=\"section-bg-overlay absolute fill\"><\/div>\n\t\t\t\n\n\t\t<\/div>\n\n\t\t\n\n\t\t<div class=\"section-content relative\">\n\t\t\t\n<div class=\"row row-collapse\"  id=\"row-231603829\">\n\n\t<div id=\"col-2048375628\" class=\"col small-12 large-12\"  >\n\t\t\t\t<div class=\"col-inner\"  >\n\t\t\t\n\t\t\t\n\t<div id=\"text-4269792079\" class=\"text\">\n\t\t\n<h1 class=\"mb-0\">V\u1ec1 ch\u00fang t\u00f4i<\/h1>\n\t\t\n<style>\n#text-4269792079 {\n  text-align: center;\n  color: rgb(255, 255, 255);\n}\n#text-4269792079 > * {\n  color: rgb(255, 255, 255);\n}\n<\/style>\n\t<\/div>\n\t\n\t\t<\/div>\n\t\t\t\t\t<\/div>\n\n\t\n<\/div>\n\t\t<\/div>\n\n\t\t\n<style>\n#section_545302755 {\n  padding-top: 0px;\n  padding-bottom: 0px;\n  min-height: 250px;\n}\n#section_545302755 .section-bg-overlay {\n  background-color: rgba(0, 0, 0, 0.5);\n}\n@media (min-width:550px) {\n  #section_545302755 {\n    min-height: 350px;\n  }\n}\n@media (min-width:850px) {\n  #section_545302755 {\n    min-height: 450px;\n  }\n}\n<\/style>\n\t<\/section>\n\t\n\n\t<section class=\"section sec_lh_03\" id=\"section_1718548647\">\n\t\t<div class=\"section-bg fill\" >\n\t\t\t\t\t\t\t\t\t\n\t\t\t\n\n\t\t<\/div>\n\n\t\t\n\n\t\t<div class=\"section-content relative\">\n\t\t\t\n\t<div id=\"gap-1308484244\" class=\"gap-element clearfix\" style=\"display:block; height:auto;\">\n\t\t\n<style>\n#gap-1308484244 {\n  padding-top: 40px;\n}\n<\/style>\n\t<\/div>\n\t\n<div class=\"row align-center\"  id=\"row-744852305\">\n\n\t<div id=\"col-1133192183\" class=\"col medium-6 small-12 large-6\"  >\n\t\t\t\t<div class=\"col-inner\"  >\n\t\t\t\n\t\t\t\n\t<div id=\"text-1432524831\" class=\"text\">\n\t\t\n<p>Fairy House M\u1ed9c Ch\u00e2u l\u00e0 nh\u1eefng ng\u00f4i nh\u00e0 c\u1ed5 t\u00edch th\u01a1 m\u1ed9ng gi\u1eefa cao nguy\u00ean M\u1ed9c Ch\u00e2u. M\u1ed9t bu\u1ed5i s\u1edbm tinh m\u01a1, th\u1ee9c d\u1eady b\u1edfi ti\u1ebfng g\u00e0 g\u00e1y gi\u1eefa n\u00fai \u0111\u1ed3i, ng\u1eafm \u00e1nh n\u1eafng len l\u1ecfi x\u00e9 tan m\u00e0n s\u01b0\u01a1ng m\u1edd \u1ea3o c\u1ee7a x\u1ee9 \u201cM\u1ed9c\u201d T\u00e2y B\u1eafc, d\u1ea1o b\u01b0\u1edbc gi\u1eefa nh\u1eefng con \u0111\u01b0\u1eddng m\u1ed9c m\u1ea1c t\u1ea1i ng\u00f4i l\u00e0ng c\u1ed5 t\u00edch c\u1ee7a Fairy House. B\u1ea1n s\u1ebd th\u1ef1c s\u1ef1 tr\u1ea3i nghi\u1ec7m m\u1ed9t M\u1ed9c Ch\u00e2u nh\u1eb9 nh\u00e0ng, gi\u1ea3n d\u1ecb, tinh kh\u00f4i nh\u01b0ng c\u0169ng kh\u00f4ng k\u00e9m ph\u1ea7n h\u1ea5p d\u1eabn v\u00e0 t\u00f2 m\u00f2 \u0111\u1ec3 kh\u00e1m ph\u00e1 nh\u1eefng c\u0103n nh\u00e0 c\u1ed5 t\u00edch v\u1edbi thi\u1ebft k\u1ebf \u0111\u1eb7c bi\u1ec7t v\u00e0 \u0111\u1ed9c \u0111\u00e1o.<\/p>\n<p>Fairy House c\u00f3 nh\u1eefng c\u0103n bungalow \u0111\u01b0\u1ee3c thi\u1ebft k\u1ebf d\u1ef1a tr\u00ean nh\u1eefng t\u00edch truy\u1ec7n c\u1ed5 t\u00edch m\u00e0 ch\u1eafc h\u1eb3n trong tu\u1ed5i th\u01a1 ch\u00fang ta, ai c\u0169ng \u0111\u00e3 t\u1eebng m\u1ed9t l\u1ea7n m\u1ed9ng m\u01a1 mu\u1ed1n b\u01b0\u1edbc v\u00e0o. \u0110\u00f3 l\u00e0 th\u1ebf gi\u1edbi c\u1ee7a n\u00e0ng L\u1ecd lem \u2013 Cinderella xinh \u0111\u1eb9p, \u0111ang ki\u1ebfm t\u00ecm ch\u00e0ng ho\u00e0ng t\u1eed c\u1ee7a m\u00ecnh, hay th\u1ebf gi\u1edbi k\u00ec b\u00ed c\u1ee7a th\u1ea7n \u0111\u00e8n Aladdin, r\u1ed3i c\u00f9ng nhau phi\u00eau l\u01b0u v\u1edbi c\u0103n nh\u00e0 ph\u00f9 th\u1ee7y, l\u1ec1u h\u00e9t \u0111\u1ed9c l\u1ea1. Fairy House c\u0169ng gi\u1eef nguy\u00ean nh\u1eefng n\u00e9t v\u0103n h\u00f3a \u0111\u1eb7c s\u1eafc c\u1ee7a ng\u01b0\u1eddi Th\u00e1i, v\u1edbi nh\u1eefng c\u0103n nh\u00e0 s\u00e0n c\u00f2n gi\u1eef nguy\u00ean v\u1eb9n , \u0111\u01b0\u1ee3c x\u00e2y d\u1ef1ng b\u1edfi gia \u0111\u00ecnh ng\u01b0\u1eddi Th\u00e1i, v\u1edbi nh\u1eefng m\u00f3n \u0103n d\u00e2n t\u1ed9c \u0111\u1eadm ch\u1ea5t v\u00f9ng mi\u1ec1n.<\/p>\n\t\t\n<style>\n#text-1432524831 {\n  text-align: center;\n  color: rgb(111, 73, 49);\n}\n#text-1432524831 > * {\n  color: rgb(111, 73, 49);\n}\n<\/style>\n\t<\/div>\n\t\n\t\t<\/div>\n\t\t\t\t\t<\/div>\n\n\t\n<\/div>\n\t\t<\/div>\n\n\t\t\n<style>\n#section_1718548647 {\n  padding-top: 0px;\n  padding-bottom: 0px;\n}\n<\/style>\n\t<\/section>\n\t\n\n\t<section class=\"section sec_lh_04\" id=\"section_409393977\">\n\t\t<div class=\"section-bg fill\" >\n\t\t\t<img loading=\"lazy\" decoding=\"async\" width=\"2560\" height=\"2206\" src=\"https:\/\/tour1.mauthemewp.com\/wp-content\/uploads\/2024\/11\/eb7deba75edba585fcca.jpg\" class=\"bg attachment- size-\" alt=\"\" \/>\t\t\t\t\t\t<div class=\"section-bg-overlay absolute fill\"><\/div>\n\t\t\t\n\n\t\t<\/div>\n\n\t\t\n\n\t\t<div class=\"section-content relative\">\n\t\t\t\n\t<div id=\"gap-62051064\" class=\"gap-element clearfix\" style=\"display:block; height:auto;\">\n\t\t\n<style>\n#gap-62051064 {\n  padding-top: 120px;\n}\n<\/style>\n\t<\/div>\n\t\n<div class=\"row row-collapse\"  id=\"row-220926018\">\n\n\t<div id=\"col-1305342994\" class=\"col medium-6 small-12 large-6\"  >\n\t\t\t\t<div class=\"col-inner\"  >\n\t\t\t\n\t\t\t\n\t<div class=\"img has-hover x md-x lg-x y md-y lg-y\" id=\"image_1413248338\">\n\t\t\t\t\t\t\t\t<div class=\"img-inner dark\" >\n\t\t\t<img loading=\"lazy\" decoding=\"async\" width=\"2560\" height=\"2206\" src=\"https:\/\/tour1.mauthemewp.com\/wp-content\/uploads\/2024\/11\/eb7deba75edba585fcca.jpg\" class=\"attachment-original size-original\" alt=\"\" srcset=\"https:\/\/tour1.mauthemewp.com\/wp-content\/uploads\/2024\/11\/eb7deba75edba585fcca.jpg 2560w, https:\/\/tour1.mauthemewp.com\/wp-content\/uploads\/2024\/11\/eb7deba75edba585fcca-300x259.jpg 300w, https:\/\/tour1.mauthemewp.com\/wp-content\/uploads\/2024\/11\/eb7deba75edba585fcca-1024x882.jpg 1024w, https:\/\/tour1.mauthemewp.com\/wp-content\/uploads\/2024\/11\/eb7deba75edba585fcca-768x662.jpg 768w, https:\/\/tour1.mauthemewp.com\/wp-content\/uploads\/2024\/11\/eb7deba75edba585fcca-1536x1324.jpg 1536w, https:\/\/tour1.mauthemewp.com\/wp-content\/uploads\/2024\/11\/eb7deba75edba585fcca-2048x1765.jpg 2048w\" sizes=\"auto, (max-width: 2560px) 100vw, 2560px\" \/>\t\t\t\t\t\t\n\t\t\t\t\t<\/div>\n\t\t\t\t\t\t\t\t\n<style>\n#image_1413248338 {\n  width: 100%;\n}\n<\/style>\n\t<\/div>\n\t\n\t\t<\/div>\n\t\t\t\t\t<\/div>\n\n\t\n\n\t<div id=\"col-1974717520\" class=\"col medium-6 small-12 large-6\"  >\n\t\t\t\t<div class=\"col-inner\"  >\n\t\t\t\n\t\t\t\n\t<div id=\"text-2533614819\" class=\"text\">\n\t\t\n<h4><strong>L\u1ea1c gi\u1eefa x\u1ee9 s\u1edf th\u1ea7n ti\u00ean&#8230;<\/strong><\/h4>\n<p>C\u00f3 khi n\u00e0o ng\u1ed3i tr\u01b0\u1edbc hi\u00ean nh\u00e0, b\u1ed7ng th\u1ea5y h\u01b0\u01a1ng m\u1eafc kh\u00e9n th\u01a1m c\u1ee7a n\u00fai r\u1eebng T\u00e2y B\u1eafc, ng\u1eafm c\u00e0nh ban tr\u1eafng n\u1edf tinh kh\u00f4i, hay ng\u1ed3i u\u1ed1ng tr\u00e0 b\u00ean nh\u1eefng c\u00e0nh m\u01a1 tr\u1eafng mu\u1ed1t&#8230; M\u1ed9c Ch\u00e2u \u0111\u00f3, T\u00e2y B\u1eafc \u0111\u00f3, v\u00e0 khu v\u01b0\u1eddn c\u1ed5 t\u00edch c\u1ee7a Fairy House \u0111\u00f3 \u0111ang ch\u1edd \u0111\u00f3n t\u1ea5t c\u1ea3 c\u00e1c b\u1ea1n, \u0111\u1ec3 v\u1ec1, \u0111\u1ec3 t\u1edbi, \u0111\u1ec3 c\u00f3 nh\u1eefng ph\u00fat gi\u00e2y ngh\u1ec9 ng\u01a1i, th\u01b0 gi\u00e3n, hay \u0111\u1ec3 c\u00f3 nh\u1eefng chuy\u1ebfn h\u1ed9i ng\u1ed9 v\u1edbi gia \u0111\u00ecnh, b\u1ea1n b\u00e8 m\u00ecnh.<\/p>\n\t\t\n<style>\n#text-2533614819 {\n  text-align: center;\n  color: rgb(111, 73, 49);\n}\n#text-2533614819 > * {\n  color: rgb(111, 73, 49);\n}\n<\/style>\n\t<\/div>\n\t\n\t\t<\/div>\n\t\t\t\t\t<\/div>\n\n\t\n<\/div>\n\t<div id=\"gap-1498226841\" class=\"gap-element clearfix\" style=\"display:block; height:auto;\">\n\t\t\n<style>\n#gap-1498226841 {\n  padding-top: 120px;\n}\n<\/style>\n\t<\/div>\n\t\n\t\t<\/div>\n\n\t\t\n<style>\n#section_409393977 {\n  padding-top: 0px;\n  padding-bottom: 0px;\n}\n#section_409393977 .section-bg-overlay {\n  background-color: rgba(0, 0, 0, 0.128);\n}\n<\/style>\n\t<\/section>\n\t\n\n\t<section class=\"section\" id=\"section_412450392\">\n\t\t<div class=\"section-bg fill\" >\n\t\t\t\t\t\t\t\t\t\n\t\t\t\n\n\t\t<\/div>\n\n\t\t\n\n\t\t<div class=\"section-content relative\">\n\t\t\t\n\t<div id=\"gap-839733880\" class=\"gap-element clearfix\" style=\"display:block; height:auto;\">\n\t\t\n<style>\n#gap-839733880 {\n  padding-top: 60px;\n}\n<\/style>\n\t<\/div>\n\t\n<div class=\"row row-collapse\"  id=\"row-109453714\">\n\n\t<div id=\"col-1084445098\" class=\"col small-12 large-12\"  >\n\t\t\t\t<div class=\"col-inner\"  >\n\t\t\t\n\t\t\t\n\n  \n    <div class=\"row large-columns-3 medium-columns- small-columns-1 slider row-slider slider-nav-circle slider-nav-outside\"  data-flickity-options='{&quot;imagesLoaded&quot;: true, &quot;groupCells&quot;: &quot;100%&quot;, &quot;dragThreshold&quot; : 5, &quot;cellAlign&quot;: &quot;left&quot;,&quot;wrapAround&quot;: true,&quot;prevNextButtons&quot;: true,&quot;percentPosition&quot;: true,&quot;pageDots&quot;: true, &quot;rightToLeft&quot;: false, &quot;autoPlay&quot; : false}' >\n\n  <div class=\"gallery-col col\" >\n          <div class=\"col-inner\">\n            <a class=\"image-lightbox lightbox-gallery\" href=\"https:\/\/tour1.mauthemewp.com\/wp-content\/uploads\/2024\/11\/44794789_1748688278573476_5935894881837776896_n.jpg\" title=\"\">            <div class=\"box has-hover gallery-box box-overlay dark\">\n              <div class=\"box-image image-cover\" style=\"padding-top:360px;\">\n                <img loading=\"lazy\" decoding=\"async\" width=\"225\" height=\"300\" src=\"https:\/\/tour1.mauthemewp.com\/wp-content\/uploads\/2024\/11\/44794789_1748688278573476_5935894881837776896_n-225x300.jpg\" class=\"attachment-medium size-medium\" alt=\"\" ids=\"213,214,215,216\" lightbox_image_size=\"original\" type=\"slider\" columns=\"3\" columns__sm=\"1\" slider_nav_style=\"circle\" slider_nav_position=\"outside\" slider_bullets=\"true\" image_height=\"360px\" srcset=\"https:\/\/tour1.mauthemewp.com\/wp-content\/uploads\/2024\/11\/44794789_1748688278573476_5935894881837776896_n-225x300.jpg 225w, https:\/\/tour1.mauthemewp.com\/wp-content\/uploads\/2024\/11\/44794789_1748688278573476_5935894881837776896_n.jpg 720w\" sizes=\"auto, (max-width: 225px) 100vw, 225px\" \/>                                  <div class=\"overlay fill\"\n                      style=\"background-color: rgba(0,0,0,.15)\">\n                  <\/div>\n                                                              <\/div>\n              <div class=\"box-text text-left\" >\n                 <p><\/p>\n              <\/div>\n            <\/div>\n            <\/a>          <\/div>\n         <\/div><div class=\"gallery-col col\" >\n          <div class=\"col-inner\">\n            <a class=\"image-lightbox lightbox-gallery\" href=\"https:\/\/tour1.mauthemewp.com\/wp-content\/uploads\/2024\/11\/314528391_1123254488327713_2255338173336175795_n-1.jpg\" title=\"\">            <div class=\"box has-hover gallery-box box-overlay dark\">\n              <div class=\"box-image image-cover\" style=\"padding-top:360px;\">\n                <img loading=\"lazy\" decoding=\"async\" width=\"300\" height=\"225\" src=\"https:\/\/tour1.mauthemewp.com\/wp-content\/uploads\/2024\/11\/314528391_1123254488327713_2255338173336175795_n-1-300x225.jpg\" class=\"attachment-medium size-medium\" alt=\"\" ids=\"213,214,215,216\" lightbox_image_size=\"original\" type=\"slider\" columns=\"3\" columns__sm=\"1\" slider_nav_style=\"circle\" slider_nav_position=\"outside\" slider_bullets=\"true\" image_height=\"360px\" srcset=\"https:\/\/tour1.mauthemewp.com\/wp-content\/uploads\/2024\/11\/314528391_1123254488327713_2255338173336175795_n-1-300x225.jpg 300w, https:\/\/tour1.mauthemewp.com\/wp-content\/uploads\/2024\/11\/314528391_1123254488327713_2255338173336175795_n-1-1024x768.jpg 1024w, https:\/\/tour1.mauthemewp.com\/wp-content\/uploads\/2024\/11\/314528391_1123254488327713_2255338173336175795_n-1-768x576.jpg 768w, https:\/\/tour1.mauthemewp.com\/wp-content\/uploads\/2024\/11\/314528391_1123254488327713_2255338173336175795_n-1-1536x1152.jpg 1536w, https:\/\/tour1.mauthemewp.com\/wp-content\/uploads\/2024\/11\/314528391_1123254488327713_2255338173336175795_n-1.jpg 2048w\" sizes=\"auto, (max-width: 300px) 100vw, 300px\" \/>                                  <div class=\"overlay fill\"\n                      style=\"background-color: rgba(0,0,0,.15)\">\n                  <\/div>\n                                                              <\/div>\n              <div class=\"box-text text-left\" >\n                 <p><\/p>\n              <\/div>\n            <\/div>\n            <\/a>          <\/div>\n         <\/div><div class=\"gallery-col col\" >\n          <div class=\"col-inner\">\n            <a class=\"image-lightbox lightbox-gallery\" href=\"https:\/\/tour1.mauthemewp.com\/wp-content\/uploads\/2024\/11\/Minh-duc-2.jpg\" title=\"\">            <div class=\"box has-hover gallery-box box-overlay dark\">\n              <div class=\"box-image image-cover\" style=\"padding-top:360px;\">\n                <img loading=\"lazy\" decoding=\"async\" width=\"225\" height=\"300\" src=\"https:\/\/tour1.mauthemewp.com\/wp-content\/uploads\/2024\/11\/Minh-duc-2-225x300.jpg\" class=\"attachment-medium size-medium\" alt=\"\" ids=\"213,214,215,216\" lightbox_image_size=\"original\" type=\"slider\" columns=\"3\" columns__sm=\"1\" slider_nav_style=\"circle\" slider_nav_position=\"outside\" slider_bullets=\"true\" image_height=\"360px\" srcset=\"https:\/\/tour1.mauthemewp.com\/wp-content\/uploads\/2024\/11\/Minh-duc-2-225x300.jpg 225w, https:\/\/tour1.mauthemewp.com\/wp-content\/uploads\/2024\/11\/Minh-duc-2-768x1024.jpg 768w, https:\/\/tour1.mauthemewp.com\/wp-content\/uploads\/2024\/11\/Minh-duc-2-1152x1536.jpg 1152w, https:\/\/tour1.mauthemewp.com\/wp-content\/uploads\/2024\/11\/Minh-duc-2.jpg 1536w\" sizes=\"auto, (max-width: 225px) 100vw, 225px\" \/>                                  <div class=\"overlay fill\"\n                      style=\"background-color: rgba(0,0,0,.15)\">\n                  <\/div>\n                                                              <\/div>\n              <div class=\"box-text text-left\" >\n                 <p><\/p>\n              <\/div>\n            <\/div>\n            <\/a>          <\/div>\n         <\/div><div class=\"gallery-col col\" >\n          <div class=\"col-inner\">\n            <a class=\"image-lightbox lightbox-gallery\" href=\"https:\/\/tour1.mauthemewp.com\/wp-content\/uploads\/2024\/11\/314528391_1123254488327713_2255338173336175795_n-1-1.jpg\" title=\"\">            <div class=\"box has-hover gallery-box box-overlay dark\">\n              <div class=\"box-image image-cover\" style=\"padding-top:360px;\">\n                <img loading=\"lazy\" decoding=\"async\" width=\"300\" height=\"225\" src=\"https:\/\/tour1.mauthemewp.com\/wp-content\/uploads\/2024\/11\/314528391_1123254488327713_2255338173336175795_n-1-1-300x225.jpg\" class=\"attachment-medium size-medium\" alt=\"\" ids=\"213,214,215,216\" lightbox_image_size=\"original\" type=\"slider\" columns=\"3\" columns__sm=\"1\" slider_nav_style=\"circle\" slider_nav_position=\"outside\" slider_bullets=\"true\" image_height=\"360px\" srcset=\"https:\/\/tour1.mauthemewp.com\/wp-content\/uploads\/2024\/11\/314528391_1123254488327713_2255338173336175795_n-1-1-300x225.jpg 300w, https:\/\/tour1.mauthemewp.com\/wp-content\/uploads\/2024\/11\/314528391_1123254488327713_2255338173336175795_n-1-1-1024x768.jpg 1024w, https:\/\/tour1.mauthemewp.com\/wp-content\/uploads\/2024\/11\/314528391_1123254488327713_2255338173336175795_n-1-1-768x576.jpg 768w, https:\/\/tour1.mauthemewp.com\/wp-content\/uploads\/2024\/11\/314528391_1123254488327713_2255338173336175795_n-1-1-1536x1152.jpg 1536w, https:\/\/tour1.mauthemewp.com\/wp-content\/uploads\/2024\/11\/314528391_1123254488327713_2255338173336175795_n-1-1.jpg 2048w\" sizes=\"auto, (max-width: 300px) 100vw, 300px\" \/>                                  <div class=\"overlay fill\"\n                      style=\"background-color: rgba(0,0,0,.15)\">\n                  <\/div>\n                                                              <\/div>\n              <div class=\"box-text text-left\" >\n                 <p><\/p>\n              <\/div>\n            <\/div>\n            <\/a>          <\/div>\n         <\/div><\/div>\n\t\t<\/div>\n\t\t\t\t\t<\/div>\n\n\t\n<\/div>\n\t<div id=\"gap-584452072\" class=\"gap-element clearfix\" style=\"display:block; height:auto;\">\n\t\t\n<style>\n#gap-584452072 {\n  padding-top: 60px;\n}\n<\/style>\n\t<\/div>\n\t\n\t\t<\/div>\n\n\t\t\n<style>\n#section_412450392 {\n  padding-top: 0px;\n  padding-bottom: 0px;\n}\n<\/style>\n\t<\/section>\n\t\n","protected":false},"excerpt":{"rendered":"","protected":false},"author":1,"featured_media":0,"parent":0,"menu_order":0,"comment_status":"closed","ping_status":"closed","template":"page-blank.php","meta":{"footnotes":""},"class_list":["post-16","page","type-page","status-publish","hentry"],"acf":[],"yoast_head":"<!-- This site is optimized with the Yoast SEO plugin v23.9 - https:\/\/yoast.com\/wordpress\/plugins\/seo\/ -->\n<title>Gi\u1edbi thi\u1ec7u - Emapletour<\/title>\n<meta name=\"robots\" content=\"noindex, follow, max-snippet:-1, max-image-preview:large, max-video-preview:-1\" \/>\n<meta property=\"og:locale\" content=\"vi_VN\" \/>\n<meta property=\"og:type\" content=\"article\" \/>\n<meta property=\"og:title\" content=\"Gi\u1edbi thi\u1ec7u - Emapletour\" \/>\n<meta property=\"og:url\" content=\"https:\/\/tour1.mauthemewp.com\/?page_id=16\" \/>\n<meta property=\"og:site_name\" content=\"Emapletour\" \/>\n<meta property=\"article:modified_time\" content=\"2024-11-22T06:40:43+00:00\" \/>\n<meta name=\"twitter:card\" content=\"summary_large_image\" \/>\n<meta name=\"twitter:label1\" content=\"\u01af\u1edbc t\u00ednh th\u1eddi gian \u0111\u1ecdc\" \/>\n\t<meta name=\"twitter:data1\" content=\"1 ph\u00fat\" \/>\n<script type=\"application\/ld+json\" class=\"yoast-schema-graph\">{\"@context\":\"https:\/\/schema.org\",\"@graph\":[{\"@type\":\"WebPage\",\"@id\":\"https:\/\/tour1.mauthemewp.com\/?page_id=16\",\"url\":\"https:\/\/tour1.mauthemewp.com\/?page_id=16\",\"name\":\"Gi\u1edbi thi\u1ec7u - Emapletour\",\"isPartOf\":{\"@id\":\"https:\/\/tour1.mauthemewp.com\/#website\"},\"datePublished\":\"2024-01-29T02:37:34+00:00\",\"dateModified\":\"2024-11-22T06:40:43+00:00\",\"breadcrumb\":{\"@id\":\"https:\/\/tour1.mauthemewp.com\/?page_id=16#breadcrumb\"},\"inLanguage\":\"vi\",\"potentialAction\":[{\"@type\":\"ReadAction\",\"target\":[\"https:\/\/tour1.mauthemewp.com\/?page_id=16\"]}]},{\"@type\":\"BreadcrumbList\",\"@id\":\"https:\/\/tour1.mauthemewp.com\/?page_id=16#breadcrumb\",\"itemListElement\":[{\"@type\":\"ListItem\",\"position\":1,\"name\":\"Trang ch\u1ee7\",\"item\":\"https:\/\/tour1.mauthemewp.com\/\"},{\"@type\":\"ListItem\",\"position\":2,\"name\":\"Gi\u1edbi thi\u1ec7u\"}]},{\"@type\":\"WebSite\",\"@id\":\"https:\/\/tour1.mauthemewp.com\/#website\",\"url\":\"https:\/\/tour1.mauthemewp.com\/\",\"name\":\"Emapletour\",\"description\":\"\",\"potentialAction\":[{\"@type\":\"SearchAction\",\"target\":{\"@type\":\"EntryPoint\",\"urlTemplate\":\"https:\/\/tour1.mauthemewp.com\/?s={search_term_string}\"},\"query-input\":{\"@type\":\"PropertyValueSpecification\",\"valueRequired\":true,\"valueName\":\"search_term_string\"}}],\"inLanguage\":\"vi\"}]}<\/script>\n<!-- \/ Yoast SEO plugin. -->","yoast_head_json":{"title":"Gi\u1edbi thi\u1ec7u - Emapletour","robots":{"index":"noindex","follow":"follow","max-snippet":"max-snippet:-1","max-image-preview":"max-image-preview:large","max-video-preview":"max-video-preview:-1"},"og_locale":"vi_VN","og_type":"article","og_title":"Gi\u1edbi thi\u1ec7u - Emapletour","og_url":"https:\/\/tour1.mauthemewp.com\/?page_id=16","og_site_name":"Emapletour","article_modified_time":"2024-11-22T06:40:43+00:00","twitter_card":"summary_large_image","twitter_misc":{"\u01af\u1edbc t\u00ednh th\u1eddi gian \u0111\u1ecdc":"1 ph\u00fat"},"schema":{"@context":"https:\/\/schema.org","@graph":[{"@type":"WebPage","@id":"https:\/\/tour1.mauthemewp.com\/?page_id=16","url":"https:\/\/tour1.mauthemewp.com\/?page_id=16","name":"Gi\u1edbi thi\u1ec7u - Emapletour","isPartOf":{"@id":"https:\/\/tour1.mauthemewp.com\/#website"},"datePublished":"2024-01-29T02:37:34+00:00","dateModified":"2024-11-22T06:40:43+00:00","breadcrumb":{"@id":"https:\/\/tour1.mauthemewp.com\/?page_id=16#breadcrumb"},"inLanguage":"vi","potentialAction":[{"@type":"ReadAction","target":["https:\/\/tour1.mauthemewp.com\/?page_id=16"]}]},{"@type":"BreadcrumbList","@id":"https:\/\/tour1.mauthemewp.com\/?page_id=16#breadcrumb","itemListElement":[{"@type":"ListItem","position":1,"name":"Trang ch\u1ee7","item":"https:\/\/tour1.mauthemewp.com\/"},{"@type":"ListItem","position":2,"name":"Gi\u1edbi thi\u1ec7u"}]},{"@type":"WebSite","@id":"https:\/\/tour1.mauthemewp.com\/#website","url":"https:\/\/tour1.mauthemewp.com\/","name":"Emapletour","description":"","potentialAction":[{"@type":"SearchAction","target":{"@type":"EntryPoint","urlTemplate":"https:\/\/tour1.mauthemewp.com\/?s={search_term_string}"},"query-input":{"@type":"PropertyValueSpecification","valueRequired":true,"valueName":"search_term_string"}}],"inLanguage":"vi"}]}},"_links":{"self":[{"href":"https:\/\/tour1.mauthemewp.com\/index.php?rest_route=\/wp\/v2\/pages\/16","targetHints":{"allow":["GET"]}}],"collection":[{"href":"https:\/\/tour1.mauthemewp.com\/index.php?rest_route=\/wp\/v2\/pages"}],"about":[{"href":"https:\/\/tour1.mauthemewp.com\/index.php?rest_route=\/wp\/v2\/types\/page"}],"author":[{"embeddable":true,"href":"https:\/\/tour1.mauthemewp.com\/index.php?rest_route=\/wp\/v2\/users\/1"}],"replies":[{"embeddable":true,"href":"https:\/\/tour1.mauthemewp.com\/index.php?rest_route=%2Fwp%2Fv2%2Fcomments&post=16"}],"version-history":[{"count":18,"href":"https:\/\/tour1.mauthemewp.com\/index.php?rest_route=\/wp\/v2\/pages\/16\/revisions"}],"predecessor-version":[{"id":221,"href":"https:\/\/tour1.mauthemewp.com\/index.php?rest_route=\/wp\/v2\/pages\/16\/revisions\/221"}],"wp:attachment":[{"href":"https:\/\/tour1.mauthemewp.com\/index.php?rest_route=%2Fwp%2Fv2%2Fmedia&parent=16"}],"curies":[{"name":"wp","href":"https:\/\/api.w.org\/{rel}","templated":true}]}}