{"id":19,"date":"2024-01-29T02:38:03","date_gmt":"2024-01-29T02:38:03","guid":{"rendered":"http:\/\/code.webrt.net\/demo-woocommerce\/?page_id=19"},"modified":"2024-11-22T06:27:09","modified_gmt":"2024-11-22T06:27:09","slug":"lien-he","status":"publish","type":"page","link":"https:\/\/tour1.mauthemewp.com\/?page_id=19","title":{"rendered":"Li\u00ean h\u1ec7"},"content":{"rendered":"\n\t<section class=\"section margin-t\" id=\"section_1603547261\">\n\t\t<div class=\"section-bg fill\" >\n\t\t\t<img loading=\"lazy\" decoding=\"async\" width=\"2560\" height=\"2206\" src=\"https:\/\/tour1.mauthemewp.com\/wp-content\/uploads\/2024\/11\/eb7deba75edba585fcca.jpg\" class=\"bg attachment-original size-original\" alt=\"\" \/>\t\t\t\t\t\t<div class=\"section-bg-overlay absolute fill\"><\/div>\n\t\t\t\n\n\t\t<\/div>\n\n\t\t\n\n\t\t<div class=\"section-content relative\">\n\t\t\t\n<div class=\"row row-collapse\"  id=\"row-1591384310\">\n\n\t<div id=\"col-2124650436\" class=\"col small-12 large-12\"  >\n\t\t\t\t<div class=\"col-inner\"  >\n\t\t\t\n\t\t\t\n\t<div id=\"text-802429904\" class=\"text\">\n\t\t\n<h1 class=\"mb-0\">LI\u00caN H\u1ec6<\/h1>\n\t\t\n<style>\n#text-802429904 {\n  text-align: center;\n  color: rgb(255, 255, 255);\n}\n#text-802429904 > * {\n  color: rgb(255, 255, 255);\n}\n<\/style>\n\t<\/div>\n\t\n\t\t<\/div>\n\t\t\t\t\t<\/div>\n\n\t\n<\/div>\n\t\t<\/div>\n\n\t\t\n<style>\n#section_1603547261 {\n  padding-top: 0px;\n  padding-bottom: 0px;\n  min-height: 250px;\n}\n#section_1603547261 .section-bg-overlay {\n  background-color: rgba(0, 0, 0, 0.5);\n}\n@media (min-width:550px) {\n  #section_1603547261 {\n    min-height: 350px;\n  }\n}\n@media (min-width:850px) {\n  #section_1603547261 {\n    min-height: 450px;\n  }\n}\n<\/style>\n\t<\/section>\n\t\n\n\t<section class=\"section sec_lh_02\" id=\"section_1928533464\">\n\t\t<div class=\"section-bg fill\" >\n\t\t\t\t\t\t\t\t\t\n\t\t\t\n\n\t\t<\/div>\n\n\t\t\n\n\t\t<div class=\"section-content relative\">\n\t\t\t\n\t<div id=\"gap-1359278885\" class=\"gap-element clearfix\" style=\"display:block; height:auto;\">\n\t\t\n<style>\n#gap-1359278885 {\n  padding-top: 60px;\n}\n<\/style>\n\t<\/div>\n\t\n<div class=\"row row-collapse\"  id=\"row-2103978759\">\n\n\t<div id=\"col-452186540\" class=\"col medium-12 small-12 large-7\"  >\n\t\t\t\t<div class=\"col-inner\"  >\n\t\t\t\n\t\t\t\n\t<div class=\"img has-hover x md-x lg-x y md-y lg-y\" id=\"image_861976844\">\n\t\t\t\t\t\t\t\t<div class=\"img-inner image-cover dark\" style=\"padding-top:670px;\">\n\t\t\t<img loading=\"lazy\" decoding=\"async\" width=\"2048\" height=\"1327\" src=\"https:\/\/tour1.mauthemewp.com\/wp-content\/uploads\/2024\/11\/3c7264927745941bcd54.jpg\" class=\"attachment-original size-original\" alt=\"\" srcset=\"https:\/\/tour1.mauthemewp.com\/wp-content\/uploads\/2024\/11\/3c7264927745941bcd54.jpg 2048w, https:\/\/tour1.mauthemewp.com\/wp-content\/uploads\/2024\/11\/3c7264927745941bcd54-300x194.jpg 300w, https:\/\/tour1.mauthemewp.com\/wp-content\/uploads\/2024\/11\/3c7264927745941bcd54-1024x664.jpg 1024w, https:\/\/tour1.mauthemewp.com\/wp-content\/uploads\/2024\/11\/3c7264927745941bcd54-768x498.jpg 768w, https:\/\/tour1.mauthemewp.com\/wp-content\/uploads\/2024\/11\/3c7264927745941bcd54-1536x995.jpg 1536w\" sizes=\"auto, (max-width: 2048px) 100vw, 2048px\" \/>\t\t\t\t\t\t\n\t\t\t\t\t<\/div>\n\t\t\t\t\t\t\t\t\n<style>\n#image_861976844 {\n  width: 100%;\n}\n<\/style>\n\t<\/div>\n\t\n\t\t<\/div>\n\t\t\t\t\t<\/div>\n\n\t\n\n\t<div id=\"col-1122590334\" class=\"col medium-12 small-12 large-5\"  >\n\t\t\t\t<div class=\"col-inner\"  >\n\t\t\t\n\t\t\t\n\t<div id=\"text-1892583851\" class=\"text\">\n\t\t\n<h4>\u0110\u1ecba ch\u1ec9<\/h4>\n<p>Ng\u00f5 14, B\u1ea3n \u00c1ng 2, \u0110\u00f4ng Sang<br \/>M\u1ed9c Ch\u00e2u, S\u01a1n La, Vi\u1ec7t Nam (G\u1ea7n khu du l\u1ecbch R\u1eebng Th\u00f4ng B\u1ea3n \u00c1ng)\n<\/p>\n<h4>Li\u00ean h\u1ec7<\/h4>\n<h4>M\u1ea1ng x\u00e3 h\u1ed9i<\/h4>\n\t\t\n<style>\n#text-1892583851 {\n  color: rgb(111, 73, 49);\n}\n#text-1892583851 > * {\n  color: rgb(111, 73, 49);\n}\n<\/style>\n\t<\/div>\n\t\n<div class=\"social-icons follow-icons\" ><a href=\"#\" target=\"_blank\" data-label=\"Facebook\" class=\"icon primary button circle facebook tooltip\" title=\"Theo d\u00f5i tr\u00ean Facebook\" aria-label=\"Theo d\u00f5i tr\u00ean Facebook\" rel=\"noopener nofollow\" ><i class=\"icon-facebook\" ><\/i><\/a><a href=\"#\" target=\"_blank\" data-label=\"Instagram\" class=\"icon primary button circle instagram tooltip\" title=\"Theo d\u00f5i tr\u00ean Instagram\" aria-label=\"Theo d\u00f5i tr\u00ean Instagram\" rel=\"noopener nofollow\" ><i class=\"icon-instagram\" ><\/i><\/a><a href=\"#\" data-label=\"YouTube\" target=\"_blank\" class=\"icon primary button circle youtube tooltip\" title=\"Theo d\u00f5i tr\u00ean YouTube\" aria-label=\"Theo d\u00f5i tr\u00ean YouTube\" rel=\"noopener nofollow\" ><i class=\"icon-youtube\" ><\/i><\/a><\/div>\n\t\t<\/div>\n\t\t\t\t\t<\/div>\n\n\t\n\n\t<div id=\"col-1008670921\" class=\"col small-12 large-12\"  >\n\t\t\t\t<div class=\"col-inner\"  >\n\t\t\t\n\t\t\t\n\t<div id=\"gap-2056104249\" class=\"gap-element clearfix\" style=\"display:block; height:auto;\">\n\t\t\n<style>\n#gap-2056104249 {\n  padding-top: 20px;\n}\n<\/style>\n\t<\/div>\n\t\n\n<p><iframe src=\"https:\/\/www.google.com\/maps\/embed?pb=!1m18!1m12!1m3!1d3724.5171657944666!2d105.80479097599823!3d21.011983188353128!2m3!1f0!2f0!3f0!3m2!1i1024!2i768!4f13.1!3m3!1m2!1s0x3135ab6023fa588f%3A0x15634729c4887d5d!2zMTY5IMSQLiBOZ3V54buFbiBOZ-G7jWMgVsWpLCBU4buVIETDom4gUGjhu5EgU-G7kSA1LCBD4bqndSBHaeG6pXksIEjDoCBO4buZaSwgVmnhu4d0IE5hbQ!5e0!3m2!1svi!2s!4v1732243752588!5m2!1svi!2s\" width=\"100%\" height=\"500\" style=\"border: none; border-radius: 0px;\" allowfullscreen=\"\" loading=\"lazy\" referrerpolicy=\"no-referrer-when-downgrade\"><\/iframe><br \/>\n\n\t\t<\/div>\n\t\t\t\t\t<\/div>\n\n\t\n<\/div>\n\t<div id=\"gap-1780090680\" class=\"gap-element clearfix\" style=\"display:block; height:auto;\">\n\t\t\n<style>\n#gap-1780090680 {\n  padding-top: 60px;\n}\n<\/style>\n\t<\/div>\n\t\n\t\t<\/div>\n\n\t\t\n<style>\n#section_1928533464 {\n  padding-top: 0px;\n  padding-bottom: 0px;\n  background-color: rgb(246, 246, 246);\n}\n<\/style>\n\t<\/section>\n\t\n","protected":false},"excerpt":{"rendered":"","protected":false},"author":1,"featured_media":0,"parent":0,"menu_order":0,"comment_status":"closed","ping_status":"closed","template":"page-blank.php","meta":{"footnotes":""},"class_list":["post-19","page","type-page","status-publish","hentry"],"acf":[],"yoast_head":"<!-- This site is optimized with the Yoast SEO plugin v23.9 - https:\/\/yoast.com\/wordpress\/plugins\/seo\/ -->\n<title>Li\u00ean h\u1ec7 - Emapletour<\/title>\n<meta name=\"robots\" content=\"noindex, follow, max-snippet:-1, max-image-preview:large, max-video-preview:-1\" \/>\n<meta property=\"og:locale\" content=\"vi_VN\" \/>\n<meta property=\"og:type\" content=\"article\" \/>\n<meta property=\"og:title\" content=\"Li\u00ean h\u1ec7 - Emapletour\" \/>\n<meta property=\"og:url\" content=\"https:\/\/tour1.mauthemewp.com\/?page_id=19\" \/>\n<meta property=\"og:site_name\" content=\"Emapletour\" \/>\n<meta property=\"article:modified_time\" content=\"2024-11-22T06:27:09+00:00\" \/>\n<meta name=\"twitter:card\" content=\"summary_large_image\" \/>\n<meta name=\"twitter:label1\" content=\"\u01af\u1edbc t\u00ednh th\u1eddi gian \u0111\u1ecdc\" \/>\n\t<meta name=\"twitter:data1\" content=\"1 ph\u00fat\" \/>\n<script type=\"application\/ld+json\" class=\"yoast-schema-graph\">{\"@context\":\"https:\/\/schema.org\",\"@graph\":[{\"@type\":\"WebPage\",\"@id\":\"https:\/\/tour1.mauthemewp.com\/?page_id=19\",\"url\":\"https:\/\/tour1.mauthemewp.com\/?page_id=19\",\"name\":\"Li\u00ean h\u1ec7 - Emapletour\",\"isPartOf\":{\"@id\":\"https:\/\/tour1.mauthemewp.com\/#website\"},\"datePublished\":\"2024-01-29T02:38:03+00:00\",\"dateModified\":\"2024-11-22T06:27:09+00:00\",\"breadcrumb\":{\"@id\":\"https:\/\/tour1.mauthemewp.com\/?page_id=19#breadcrumb\"},\"inLanguage\":\"vi\",\"potentialAction\":[{\"@type\":\"ReadAction\",\"target\":[\"https:\/\/tour1.mauthemewp.com\/?page_id=19\"]}]},{\"@type\":\"BreadcrumbList\",\"@id\":\"https:\/\/tour1.mauthemewp.com\/?page_id=19#breadcrumb\",\"itemListElement\":[{\"@type\":\"ListItem\",\"position\":1,\"name\":\"Trang ch\u1ee7\",\"item\":\"https:\/\/tour1.mauthemewp.com\/\"},{\"@type\":\"ListItem\",\"position\":2,\"name\":\"Li\u00ean h\u1ec7\"}]},{\"@type\":\"WebSite\",\"@id\":\"https:\/\/tour1.mauthemewp.com\/#website\",\"url\":\"https:\/\/tour1.mauthemewp.com\/\",\"name\":\"Emapletour\",\"description\":\"\",\"potentialAction\":[{\"@type\":\"SearchAction\",\"target\":{\"@type\":\"EntryPoint\",\"urlTemplate\":\"https:\/\/tour1.mauthemewp.com\/?s={search_term_string}\"},\"query-input\":{\"@type\":\"PropertyValueSpecification\",\"valueRequired\":true,\"valueName\":\"search_term_string\"}}],\"inLanguage\":\"vi\"}]}<\/script>\n<!-- \/ Yoast SEO plugin. -->","yoast_head_json":{"title":"Li\u00ean h\u1ec7 - Emapletour","robots":{"index":"noindex","follow":"follow","max-snippet":"max-snippet:-1","max-image-preview":"max-image-preview:large","max-video-preview":"max-video-preview:-1"},"og_locale":"vi_VN","og_type":"article","og_title":"Li\u00ean h\u1ec7 - Emapletour","og_url":"https:\/\/tour1.mauthemewp.com\/?page_id=19","og_site_name":"Emapletour","article_modified_time":"2024-11-22T06:27:09+00:00","twitter_card":"summary_large_image","twitter_misc":{"\u01af\u1edbc t\u00ednh th\u1eddi gian \u0111\u1ecdc":"1 ph\u00fat"},"schema":{"@context":"https:\/\/schema.org","@graph":[{"@type":"WebPage","@id":"https:\/\/tour1.mauthemewp.com\/?page_id=19","url":"https:\/\/tour1.mauthemewp.com\/?page_id=19","name":"Li\u00ean h\u1ec7 - Emapletour","isPartOf":{"@id":"https:\/\/tour1.mauthemewp.com\/#website"},"datePublished":"2024-01-29T02:38:03+00:00","dateModified":"2024-11-22T06:27:09+00:00","breadcrumb":{"@id":"https:\/\/tour1.mauthemewp.com\/?page_id=19#breadcrumb"},"inLanguage":"vi","potentialAction":[{"@type":"ReadAction","target":["https:\/\/tour1.mauthemewp.com\/?page_id=19"]}]},{"@type":"BreadcrumbList","@id":"https:\/\/tour1.mauthemewp.com\/?page_id=19#breadcrumb","itemListElement":[{"@type":"ListItem","position":1,"name":"Trang ch\u1ee7","item":"https:\/\/tour1.mauthemewp.com\/"},{"@type":"ListItem","position":2,"name":"Li\u00ean h\u1ec7"}]},{"@type":"WebSite","@id":"https:\/\/tour1.mauthemewp.com\/#website","url":"https:\/\/tour1.mauthemewp.com\/","name":"Emapletour","description":"","potentialAction":[{"@type":"SearchAction","target":{"@type":"EntryPoint","urlTemplate":"https:\/\/tour1.mauthemewp.com\/?s={search_term_string}"},"query-input":{"@type":"PropertyValueSpecification","valueRequired":true,"valueName":"search_term_string"}}],"inLanguage":"vi"}]}},"_links":{"self":[{"href":"https:\/\/tour1.mauthemewp.com\/index.php?rest_route=\/wp\/v2\/pages\/19","targetHints":{"allow":["GET"]}}],"collection":[{"href":"https:\/\/tour1.mauthemewp.com\/index.php?rest_route=\/wp\/v2\/pages"}],"about":[{"href":"https:\/\/tour1.mauthemewp.com\/index.php?rest_route=\/wp\/v2\/types\/page"}],"author":[{"embeddable":true,"href":"https:\/\/tour1.mauthemewp.com\/index.php?rest_route=\/wp\/v2\/users\/1"}],"replies":[{"embeddable":true,"href":"https:\/\/tour1.mauthemewp.com\/index.php?rest_route=%2Fwp%2Fv2%2Fcomments&post=19"}],"version-history":[{"count":23,"href":"https:\/\/tour1.mauthemewp.com\/index.php?rest_route=\/wp\/v2\/pages\/19\/revisions"}],"predecessor-version":[{"id":201,"href":"https:\/\/tour1.mauthemewp.com\/index.php?rest_route=\/wp\/v2\/pages\/19\/revisions\/201"}],"wp:attachment":[{"href":"https:\/\/tour1.mauthemewp.com\/index.php?rest_route=%2Fwp%2Fv2%2Fmedia&parent=19"}],"curies":[{"name":"wp","href":"https:\/\/api.w.org\/{rel}","templated":true}]}}