{"id":2,"date":"2024-01-29T01:39:37","date_gmt":"2024-01-29T01:39:37","guid":{"rendered":"http:\/\/code.webrt.net\/demo-woocommerce\/?page_id=2"},"modified":"2024-11-23T02:06:59","modified_gmt":"2024-11-23T02:06:59","slug":"trang-chu","status":"publish","type":"page","link":"https:\/\/tour1.mauthemewp.com\/","title":{"rendered":"Trang ch\u1ee7"},"content":{"rendered":"\n\t<section class=\"section\" id=\"section_1007121145\">\n\t\t<div class=\"section-bg fill\" >\n\t\t\t\t\t\t\t\t\t\n\t\t\t\n\n\t\t<\/div>\n\n\t\t\n\n\t\t<div class=\"section-content relative\">\n\t\t\t\n<div class=\"row row-collapse row-full-width\"  id=\"row-127894746\">\n\n\t<div id=\"col-1645631932\" class=\"col small-12 large-12\"  >\n\t\t\t\t<div class=\"col-inner\"  >\n\t\t\t\n\t\t\t\n<div class=\"slider-wrapper relative\" id=\"slider-1723110564\" >\n    <div class=\"slider slider-nav-circle slider-nav-large slider-nav-light slider-style-normal\"\n        data-flickity-options='{\n            \"cellAlign\": \"center\",\n            \"imagesLoaded\": true,\n            \"lazyLoad\": 1,\n            \"freeScroll\": false,\n            \"wrapAround\": true,\n            \"autoPlay\": 6000,\n            \"pauseAutoPlayOnHover\" : true,\n            \"prevNextButtons\": true,\n            \"contain\" : true,\n            \"adaptiveHeight\" : true,\n            \"dragThreshold\" : 10,\n            \"percentPosition\": true,\n            \"pageDots\": true,\n            \"rightToLeft\": false,\n            \"draggable\": true,\n            \"selectedAttraction\": 0.1,\n            \"parallax\" : 0,\n            \"friction\": 0.6        }'\n        >\n        \n\t<div class=\"img has-hover x md-x lg-x y md-y lg-y\" id=\"image_469632438\">\n\t\t\t\t\t\t\t\t<div class=\"img-inner dark\" >\n\t\t\t<img loading=\"lazy\" decoding=\"async\" width=\"1920\" height=\"801\" src=\"https:\/\/tour1.mauthemewp.com\/wp-content\/uploads\/2024\/11\/9137-min.png\" class=\"attachment-original size-original\" alt=\"\" srcset=\"https:\/\/tour1.mauthemewp.com\/wp-content\/uploads\/2024\/11\/9137-min.png 1920w, https:\/\/tour1.mauthemewp.com\/wp-content\/uploads\/2024\/11\/9137-min-300x125.png 300w, https:\/\/tour1.mauthemewp.com\/wp-content\/uploads\/2024\/11\/9137-min-1024x427.png 1024w, https:\/\/tour1.mauthemewp.com\/wp-content\/uploads\/2024\/11\/9137-min-768x320.png 768w, https:\/\/tour1.mauthemewp.com\/wp-content\/uploads\/2024\/11\/9137-min-1536x641.png 1536w\" sizes=\"auto, (max-width: 1920px) 100vw, 1920px\" \/>\t\t\t\t\t\t\n\t\t\t\t\t<\/div>\n\t\t\t\t\t\t\t\t\n<style>\n#image_469632438 {\n  width: 100%;\n}\n<\/style>\n\t<\/div>\n\t\n     <\/div>\n\n     <div class=\"loading-spin dark large centered\"><\/div>\n\n\t<\/div>\n\n\n\t\t<\/div>\n\t\t\t\t\t<\/div>\n\n\t\n<\/div>\n\t\t<\/div>\n\n\t\t\n<style>\n#section_1007121145 {\n  padding-top: 0px;\n  padding-bottom: 0px;\n}\n<\/style>\n\t<\/section>\n\t\n\n\t<section class=\"section sec_01\" id=\"section_1870557703\">\n\t\t<div class=\"section-bg fill\" >\n\t\t\t\t\t\t\t\t\t\n\t\t\t\n\n\t\t<\/div>\n\n\t\t\n\n\t\t<div class=\"section-content relative\">\n\t\t\t\n\t<div id=\"gap-1617764945\" class=\"gap-element clearfix\" style=\"display:block; height:auto;\">\n\t\t\n<style>\n#gap-1617764945 {\n  padding-top: 40px;\n}\n@media (min-width:850px) {\n  #gap-1617764945 {\n    padding-top: 70px;\n  }\n}\n<\/style>\n\t<\/div>\n\t\n<div class=\"row row-collapse\"  id=\"row-2062254964\">\n\n\t<div id=\"col-633952564\" class=\"col small-12 large-12\"  >\n\t\t\t\t<div class=\"col-inner\"  >\n\t\t\t\n\t\t\t\n<div class=\"tits\">\r\n    <h3><span>C\u00c1C \u0110\u1ecaA \u0110I\u1ec2M<\/span><\/h3>\r\n    <\/div>\r\n\n\t<div id=\"text-2613600521\" class=\"text\">\n\t\t\n<p>Lorem ipsum dolor sit amet consectetur. Nunc ut amet semper sed aliquet morbi. <br \/> Scelerisque arcu tristique ac habitant gravida.<\/p>\n\t\t\n<style>\n#text-2613600521 {\n  text-align: center;\n  color: rgb(51, 51, 51);\n}\n#text-2613600521 > * {\n  color: rgb(51, 51, 51);\n}\n<\/style>\n\t<\/div>\n\t\n\t\t<\/div>\n\t\t\t\t\t<\/div>\n\n\t\n<\/div>\n\t<div id=\"gap-1062009692\" class=\"gap-element clearfix\" style=\"display:block; height:auto;\">\n\t\t\n<style>\n#gap-1062009692 {\n  padding-top: 0px;\n}\n@media (min-width:850px) {\n  #gap-1062009692 {\n    padding-top: 40px;\n  }\n}\n<\/style>\n\t<\/div>\n\t\n<div class=\"row\"  id=\"row-1854875758\">\n\n\t<div id=\"col-2130706837\" class=\"col medium-6 small-12 large-6\"  >\n\t\t\t\t<div class=\"col-inner\"  >\n\t\t\t\n\t\t\t\n\t<div class=\"box has-hover   has-hover box-text-bottom\" >\n\n\t\t<div class=\"box-image\" >\n\t\t\t<a href=\"#\" >\t\t\t<div class=\"\" >\n\t\t\t\t<img loading=\"lazy\" decoding=\"async\" width=\"580\" height=\"290\" src=\"https:\/\/tour1.mauthemewp.com\/wp-content\/uploads\/2024\/11\/image-1-min.png\" class=\"attachment- size-\" alt=\"\" srcset=\"https:\/\/tour1.mauthemewp.com\/wp-content\/uploads\/2024\/11\/image-1-min.png 580w, https:\/\/tour1.mauthemewp.com\/wp-content\/uploads\/2024\/11\/image-1-min-300x150.png 300w\" sizes=\"auto, (max-width: 580px) 100vw, 580px\" \/>\t\t\t\t\t\t\t\t\t\t\t<\/div>\n\t\t\t<\/a>\t\t<\/div>\n\n\t\t<div class=\"box-text text-center\" >\n\t\t\t<div class=\"box-text-inner\">\n\t\t\t\t\n<h4>FAIRY HOUSE MAI CH\u00c2U<\/h4>\n<p>\u201cC\u1ed5 t\u00edch v\u1ec1 lo\u00e0i b\u01b0\u1edbm\u201d<\/p>\n<ul>\n<li><i class=\"fa-solid fa-location-dot\"><\/i> \u0110\u1ecba ch\u1ec9: 79 B\u1ea3n L\u00e1c, Chi\u1ec1ng Ch\u00e2u, Mai Ch\u00e2u<\/li>\n<li><i class=\"fa-solid fa-headphones\"><\/i> Ch\u0103m s\u00f3c kh\u00e1ch h\u00e0ng: 0339.265.696<\/li>\n<li><i class=\"fa-solid fa-phone-volume\"><\/i> Hotline 0339.265.696<\/li>\n<\/ul>\n\t\t\t<\/div>\n\t\t<\/div>\n\t<\/div>\n\t\n\t\t<\/div>\n\t\t\t\t\t<\/div>\n\n\t\n\n\t<div id=\"col-1304683773\" class=\"col medium-6 small-12 large-6\"  >\n\t\t\t\t<div class=\"col-inner\"  >\n\t\t\t\n\t\t\t\n\t<div class=\"box has-hover   has-hover box-text-bottom\" >\n\n\t\t<div class=\"box-image\" >\n\t\t\t<a href=\"#\" >\t\t\t<div class=\"\" >\n\t\t\t\t<img loading=\"lazy\" decoding=\"async\" width=\"580\" height=\"290\" src=\"https:\/\/tour1.mauthemewp.com\/wp-content\/uploads\/2024\/11\/482-min.png\" class=\"attachment- size-\" alt=\"\" srcset=\"https:\/\/tour1.mauthemewp.com\/wp-content\/uploads\/2024\/11\/482-min.png 580w, https:\/\/tour1.mauthemewp.com\/wp-content\/uploads\/2024\/11\/482-min-300x150.png 300w\" sizes=\"auto, (max-width: 580px) 100vw, 580px\" \/>\t\t\t\t\t\t\t\t\t\t\t<\/div>\n\t\t\t<\/a>\t\t<\/div>\n\n\t\t<div class=\"box-text text-center\" >\n\t\t\t<div class=\"box-text-inner\">\n\t\t\t\t\n<h4>FAIRY HOUSE MAI CH\u00c2U<\/h4>\n<p>\u201cC\u1ed5 t\u00edch v\u1ec1 lo\u00e0i b\u01b0\u1edbm\u201d<\/p>\n<ul>\n<li><i class=\"fa-solid fa-location-dot\"><\/i> \u0110\u1ecba ch\u1ec9: 79 B\u1ea3n L\u00e1c, Chi\u1ec1ng Ch\u00e2u, Mai Ch\u00e2u<\/li>\n<li><i class=\"fa-solid fa-headphones\"><\/i> Ch\u0103m s\u00f3c kh\u00e1ch h\u00e0ng: 0339.265.696<\/li>\n<li><i class=\"fa-solid fa-phone-volume\"><\/i> Hotline 0339.265.696<\/li>\n<\/ul>\n\t\t\t<\/div>\n\t\t<\/div>\n\t<\/div>\n\t\n\t\t<\/div>\n\t\t\t\t\t<\/div>\n\n\t\n<\/div>\n\t<div id=\"gap-1467718199\" class=\"gap-element clearfix\" style=\"display:block; height:auto;\">\n\t\t\n<style>\n#gap-1467718199 {\n  padding-top: 10px;\n}\n@media (min-width:850px) {\n  #gap-1467718199 {\n    padding-top: 40px;\n  }\n}\n<\/style>\n\t<\/div>\n\t\n\t\t<\/div>\n\n\t\t\n<style>\n#section_1870557703 {\n  padding-top: 0px;\n  padding-bottom: 0px;\n}\n<\/style>\n\t<\/section>\n\t\n\n\t<section class=\"section sec_02\" id=\"section_422765789\">\n\t\t<div class=\"section-bg fill\" >\n\t\t\t<img loading=\"lazy\" decoding=\"async\" width=\"1920\" height=\"583\" src=\"https:\/\/tour1.mauthemewp.com\/wp-content\/uploads\/2024\/11\/nen-min.png\" class=\"bg attachment-original size-original\" alt=\"\" \/>\t\t\t\t\t\t\n\t\t\t\n\n\t\t<\/div>\n\n\t\t\n\n\t\t<div class=\"section-content relative\">\n\t\t\t\n\t<div id=\"gap-805309286\" class=\"gap-element clearfix\" style=\"display:block; height:auto;\">\n\t\t\n<style>\n#gap-805309286 {\n  padding-top: 40px;\n}\n@media (min-width:850px) {\n  #gap-805309286 {\n    padding-top: 70px;\n  }\n}\n<\/style>\n\t<\/div>\n\t\n<div class=\"row row-collapse\"  id=\"row-1811756679\">\n\n\t<div id=\"col-183439539\" class=\"col small-12 large-12\"  >\n\t\t\t\t<div class=\"col-inner\"  >\n\t\t\t\n\t\t\t\n<div class=\"tits\">\r\n    <h3><span>C\u00c1C G\u00d3I D\u1ecaCH V\u1ee4 & TIN T\u1ee8C<\/span><\/h3>\r\n    <\/div>\r\n\n\t<div id=\"text-2967334566\" class=\"text\">\n\t\t\n<p><strong>Lorem ipsum dolor sit amet consectetur. Nunc ut amet semper sed aliquet morbi.<\/strong><br \/><strong>Scelerisque arcu tristique ac habitant gravida.<\/strong><\/p>\n\t\t\n<style>\n#text-2967334566 {\n  text-align: center;\n  color: rgb(51, 51, 51);\n}\n#text-2967334566 > * {\n  color: rgb(51, 51, 51);\n}\n<\/style>\n\t<\/div>\n\t\n\t<div id=\"gap-854023096\" class=\"gap-element clearfix\" style=\"display:block; height:auto;\">\n\t\t\n<style>\n#gap-854023096 {\n  padding-top: 20px;\n}\n<\/style>\n\t<\/div>\n\t\n\t\t<\/div>\n\t\t\t\t\t<\/div>\n\n\t\n<\/div>\n<div class=\"row row-1\" style=\"max-width:1240px\" id=\"row-103536359\">\n\n\t<div id=\"col-1423606590\" class=\"col medium-3 small-6 large-3\"  >\n\t\t\t\t<div class=\"col-inner\"  >\n\t\t\t\n\t\t\t\n\t<div class=\"box has-hover   has-hover box-shade dark box-text-bottom\" >\n\n\t\t<div class=\"box-image\" >\n\t\t\t<a href=\"https:\/\/luan.webrt.net\/emapletour\/?cat=25\" >\t\t\t<div class=\"\" >\n\t\t\t\t<img loading=\"lazy\" decoding=\"async\" width=\"270\" height=\"291\" src=\"https:\/\/tour1.mauthemewp.com\/wp-content\/uploads\/2024\/11\/image-2-min.png\" class=\"attachment-original size-original\" alt=\"\" \/>\t\t\t\t\t\t\t\t<div class=\"shade\"><\/div>\t\t\t<\/div>\n\t\t\t<\/a>\t\t<\/div>\n\n\t\t<div class=\"box-text text-center\" >\n\t\t\t<div class=\"box-text-inner\">\n\t\t\t\t\n\t<div id=\"text-2685995466\" class=\"text\">\n\t\t\n<p><a href=\"https:\/\/luan.webrt.net\/emapletour\/?cat=25\">Combo D\u1ecbch v\u1ee5<\/a><\/p>\n\t\t\n<style>\n#text-2685995466 {\n  color: rgb(241, 227, 176);\n}\n#text-2685995466 > * {\n  color: rgb(241, 227, 176);\n}\n<\/style>\n\t<\/div>\n\t\n\t\t\t<\/div>\n\t\t<\/div>\n\t<\/div>\n\t\n\t\t<\/div>\n\t\t\t\t\t<\/div>\n\n\t\n\n\t<div id=\"col-339540099\" class=\"col medium-3 small-6 large-3\"  >\n\t\t\t\t<div class=\"col-inner\"  >\n\t\t\t\n\t\t\t\n\t<div class=\"box has-hover   has-hover box-shade dark box-text-bottom\" >\n\n\t\t<div class=\"box-image\" >\n\t\t\t<a href=\"https:\/\/luan.webrt.net\/emapletour\/?cat=26\" >\t\t\t<div class=\"\" >\n\t\t\t\t<img loading=\"lazy\" decoding=\"async\" width=\"270\" height=\"291\" src=\"https:\/\/tour1.mauthemewp.com\/wp-content\/uploads\/2024\/11\/image-3-min.png\" class=\"attachment-original size-original\" alt=\"\" \/>\t\t\t\t\t\t\t\t<div class=\"shade\"><\/div>\t\t\t<\/div>\n\t\t\t<\/a>\t\t<\/div>\n\n\t\t<div class=\"box-text text-center\" >\n\t\t\t<div class=\"box-text-inner\">\n\t\t\t\t\n\t<div id=\"text-1965898656\" class=\"text\">\n\t\t\n<p><a href=\"https:\/\/luan.webrt.net\/emapletour\/?cat=26\">l\u1eeda tr\u1ea1i &#038; s\u1ef1 ki\u1ec7n<\/a><\/p>\n\t\t\n<style>\n#text-1965898656 {\n  color: rgb(241, 227, 176);\n}\n#text-1965898656 > * {\n  color: rgb(241, 227, 176);\n}\n<\/style>\n\t<\/div>\n\t\n\t\t\t<\/div>\n\t\t<\/div>\n\t<\/div>\n\t\n\t\t<\/div>\n\t\t\t\t\t<\/div>\n\n\t\n\n\t<div id=\"col-944795084\" class=\"col medium-3 small-6 large-3\"  >\n\t\t\t\t<div class=\"col-inner\"  >\n\t\t\t\n\t\t\t\n\t<div class=\"box has-hover   has-hover box-shade dark box-text-bottom\" >\n\n\t\t<div class=\"box-image\" >\n\t\t\t<a href=\"https:\/\/luan.webrt.net\/emapletour\/?cat=27\" >\t\t\t<div class=\"\" >\n\t\t\t\t<img loading=\"lazy\" decoding=\"async\" width=\"270\" height=\"291\" src=\"https:\/\/tour1.mauthemewp.com\/wp-content\/uploads\/2024\/11\/image-4-min.png\" class=\"attachment-original size-original\" alt=\"\" \/>\t\t\t\t\t\t\t\t<div class=\"shade\"><\/div>\t\t\t<\/div>\n\t\t\t<\/a>\t\t<\/div>\n\n\t\t<div class=\"box-text text-center\" >\n\t\t\t<div class=\"box-text-inner\">\n\t\t\t\t\n\t<div id=\"text-1096108392\" class=\"text\">\n\t\t\n<p><a href=\"https:\/\/luan.webrt.net\/emapletour\/?cat=27\">\u1ea8m th\u1ef1c<\/a><\/p>\n\t\t\n<style>\n#text-1096108392 {\n  color: rgb(241, 227, 176);\n}\n#text-1096108392 > * {\n  color: rgb(241, 227, 176);\n}\n<\/style>\n\t<\/div>\n\t\n\t\t\t<\/div>\n\t\t<\/div>\n\t<\/div>\n\t\n\t\t<\/div>\n\t\t\t\t\t<\/div>\n\n\t\n\n\t<div id=\"col-1830679084\" class=\"col medium-3 small-6 large-3\"  >\n\t\t\t\t<div class=\"col-inner\"  >\n\t\t\t\n\t\t\t\n\t<div class=\"box has-hover   has-hover box-shade dark box-text-bottom\" >\n\n\t\t<div class=\"box-image\" >\n\t\t\t<a href=\"https:\/\/luan.webrt.net\/emapletour\/?cat=28\" >\t\t\t<div class=\"\" >\n\t\t\t\t<img loading=\"lazy\" decoding=\"async\" width=\"270\" height=\"291\" src=\"https:\/\/tour1.mauthemewp.com\/wp-content\/uploads\/2024\/11\/image-5-min.png\" class=\"attachment-original size-original\" alt=\"\" \/>\t\t\t\t\t\t\t\t<div class=\"shade\"><\/div>\t\t\t<\/div>\n\t\t\t<\/a>\t\t<\/div>\n\n\t\t<div class=\"box-text text-center\" >\n\t\t\t<div class=\"box-text-inner\">\n\t\t\t\t\n\t<div id=\"text-1385861936\" class=\"text\">\n\t\t\n<p><a href=\"https:\/\/luan.webrt.net\/emapletour\/?cat=28\">Tin t\u1ee9c khu v\u1ef1c<\/a><\/p>\n\t\t\n<style>\n#text-1385861936 {\n  color: rgb(241, 227, 176);\n}\n#text-1385861936 > * {\n  color: rgb(241, 227, 176);\n}\n<\/style>\n\t<\/div>\n\t\n\t\t\t<\/div>\n\t\t<\/div>\n\t<\/div>\n\t\n\t\t<\/div>\n\t\t\t\t\t<\/div>\n\n\t\n<\/div>\n\t<div id=\"gap-1323096478\" class=\"gap-element clearfix\" style=\"display:block; height:auto;\">\n\t\t\n<style>\n#gap-1323096478 {\n  padding-top: 40px;\n}\n@media (min-width:850px) {\n  #gap-1323096478 {\n    padding-top: 70px;\n  }\n}\n<\/style>\n\t<\/div>\n\t\n\t\t<\/div>\n\n\t\t\n<style>\n#section_422765789 {\n  padding-top: 0px;\n  padding-bottom: 0px;\n}\n<\/style>\n\t<\/section>\n\t\n","protected":false},"excerpt":{"rendered":"","protected":false},"author":1,"featured_media":0,"parent":0,"menu_order":0,"comment_status":"closed","ping_status":"open","template":"page-blank.php","meta":{"footnotes":""},"class_list":["post-2","page","type-page","status-publish","hentry"],"acf":[],"yoast_head":"<!-- This site is optimized with the Yoast SEO plugin v23.9 - https:\/\/yoast.com\/wordpress\/plugins\/seo\/ -->\n<title>Trang ch\u1ee7 - Emapletour<\/title>\n<meta name=\"robots\" content=\"noindex, follow, max-snippet:-1, max-image-preview:large, max-video-preview:-1\" \/>\n<meta property=\"og:locale\" content=\"vi_VN\" \/>\n<meta property=\"og:type\" content=\"article\" \/>\n<meta property=\"og:title\" content=\"Trang ch\u1ee7 - Emapletour\" \/>\n<meta property=\"og:url\" content=\"https:\/\/tour1.mauthemewp.com\/\" \/>\n<meta property=\"og:site_name\" content=\"Emapletour\" \/>\n<meta property=\"article:modified_time\" content=\"2024-11-23T02:06:59+00:00\" \/>\n<meta name=\"twitter:card\" content=\"summary_large_image\" \/>\n<script type=\"application\/ld+json\" class=\"yoast-schema-graph\">{\"@context\":\"https:\/\/schema.org\",\"@graph\":[{\"@type\":\"WebPage\",\"@id\":\"https:\/\/tour1.mauthemewp.com\/\",\"url\":\"https:\/\/tour1.mauthemewp.com\/\",\"name\":\"Trang ch\u1ee7 - Emapletour\",\"isPartOf\":{\"@id\":\"https:\/\/tour1.mauthemewp.com\/#website\"},\"datePublished\":\"2024-01-29T01:39:37+00:00\",\"dateModified\":\"2024-11-23T02:06:59+00:00\",\"breadcrumb\":{\"@id\":\"https:\/\/tour1.mauthemewp.com\/#breadcrumb\"},\"inLanguage\":\"vi\",\"potentialAction\":[{\"@type\":\"ReadAction\",\"target\":[\"https:\/\/tour1.mauthemewp.com\/\"]}]},{\"@type\":\"BreadcrumbList\",\"@id\":\"https:\/\/tour1.mauthemewp.com\/#breadcrumb\",\"itemListElement\":[{\"@type\":\"ListItem\",\"position\":1,\"name\":\"Trang ch\u1ee7\",\"item\":\"https:\/\/tour1.mauthemewp.com\/\"},{\"@type\":\"ListItem\",\"position\":2,\"name\":\"Trang ch\u1ee7\"}]},{\"@type\":\"WebSite\",\"@id\":\"https:\/\/tour1.mauthemewp.com\/#website\",\"url\":\"https:\/\/tour1.mauthemewp.com\/\",\"name\":\"Emapletour\",\"description\":\"\",\"potentialAction\":[{\"@type\":\"SearchAction\",\"target\":{\"@type\":\"EntryPoint\",\"urlTemplate\":\"https:\/\/tour1.mauthemewp.com\/?s={search_term_string}\"},\"query-input\":{\"@type\":\"PropertyValueSpecification\",\"valueRequired\":true,\"valueName\":\"search_term_string\"}}],\"inLanguage\":\"vi\"}]}<\/script>\n<!-- \/ Yoast SEO plugin. -->","yoast_head_json":{"title":"Trang ch\u1ee7 - Emapletour","robots":{"index":"noindex","follow":"follow","max-snippet":"max-snippet:-1","max-image-preview":"max-image-preview:large","max-video-preview":"max-video-preview:-1"},"og_locale":"vi_VN","og_type":"article","og_title":"Trang ch\u1ee7 - Emapletour","og_url":"https:\/\/tour1.mauthemewp.com\/","og_site_name":"Emapletour","article_modified_time":"2024-11-23T02:06:59+00:00","twitter_card":"summary_large_image","schema":{"@context":"https:\/\/schema.org","@graph":[{"@type":"WebPage","@id":"https:\/\/tour1.mauthemewp.com\/","url":"https:\/\/tour1.mauthemewp.com\/","name":"Trang ch\u1ee7 - Emapletour","isPartOf":{"@id":"https:\/\/tour1.mauthemewp.com\/#website"},"datePublished":"2024-01-29T01:39:37+00:00","dateModified":"2024-11-23T02:06:59+00:00","breadcrumb":{"@id":"https:\/\/tour1.mauthemewp.com\/#breadcrumb"},"inLanguage":"vi","potentialAction":[{"@type":"ReadAction","target":["https:\/\/tour1.mauthemewp.com\/"]}]},{"@type":"BreadcrumbList","@id":"https:\/\/tour1.mauthemewp.com\/#breadcrumb","itemListElement":[{"@type":"ListItem","position":1,"name":"Trang ch\u1ee7","item":"https:\/\/tour1.mauthemewp.com\/"},{"@type":"ListItem","position":2,"name":"Trang ch\u1ee7"}]},{"@type":"WebSite","@id":"https:\/\/tour1.mauthemewp.com\/#website","url":"https:\/\/tour1.mauthemewp.com\/","name":"Emapletour","description":"","potentialAction":[{"@type":"SearchAction","target":{"@type":"EntryPoint","urlTemplate":"https:\/\/tour1.mauthemewp.com\/?s={search_term_string}"},"query-input":{"@type":"PropertyValueSpecification","valueRequired":true,"valueName":"search_term_string"}}],"inLanguage":"vi"}]}},"_links":{"self":[{"href":"https:\/\/tour1.mauthemewp.com\/index.php?rest_route=\/wp\/v2\/pages\/2","targetHints":{"allow":["GET"]}}],"collection":[{"href":"https:\/\/tour1.mauthemewp.com\/index.php?rest_route=\/wp\/v2\/pages"}],"about":[{"href":"https:\/\/tour1.mauthemewp.com\/index.php?rest_route=\/wp\/v2\/types\/page"}],"author":[{"embeddable":true,"href":"https:\/\/tour1.mauthemewp.com\/index.php?rest_route=\/wp\/v2\/users\/1"}],"replies":[{"embeddable":true,"href":"https:\/\/tour1.mauthemewp.com\/index.php?rest_route=%2Fwp%2Fv2%2Fcomments&post=2"}],"version-history":[{"count":38,"href":"https:\/\/tour1.mauthemewp.com\/index.php?rest_route=\/wp\/v2\/pages\/2\/revisions"}],"predecessor-version":[{"id":247,"href":"https:\/\/tour1.mauthemewp.com\/index.php?rest_route=\/wp\/v2\/pages\/2\/revisions\/247"}],"wp:attachment":[{"href":"https:\/\/tour1.mauthemewp.com\/index.php?rest_route=%2Fwp%2Fv2%2Fmedia&parent=2"}],"curies":[{"name":"wp","href":"https:\/\/api.w.org\/{rel}","templated":true}]}}